{"id":25,"date":"2013-09-22T19:39:53","date_gmt":"2013-09-22T17:39:53","guid":{"rendered":"http:\/\/bassano.cngei.it\/beta\/?page_id=25"},"modified":"2013-10-25T23:35:16","modified_gmt":"2013-10-25T21:35:16","slug":"il-cngei","status":"publish","type":"page","link":"https:\/\/bassano.cngei.it\/?page_id=25","title":{"rendered":"Il CNGEI"},"content":{"rendered":"<p>Il\u00a0<b>Corpo Nazionale Giovani Esploratori ed Esploratrici Italiani<\/b>\u00a0(CNGEI), che conta circa 12.000 soci, \u00e8 un movimento educativo scout che ha come finalit\u00e0 quella di contribuire alla costruzione di un mondo migliore attraverso l&#8217;educazione dei giovani. Il processo educativo \u00e8 di tipo armonico e complesso, guidato dai principi dello scautismo e del guidismo internazionale. Lo scopo \u00e8 quello di formare il buon cittadino: un cittadino in grado di compiere scelte autonome e responsabili, impegnato in prima persona per promuovere la solidariet\u00e0, i diritti universali, la pace, la tutela dell&#8217;ambiente; un cittadino che percorre un proprio cammino spirituale orientato a dare un senso alla propria vita.<\/p>\n<p>Il CNGEI, nasce nel 1912 e gode dell&#8217;Alto Patronato del Presidente della Repubblica. L&#8217;attivit\u00e0 proposta si rivolge a tutti i giovani senza alcuna distinzione; partendo dai loro bisogni e attraverso una progressiva responsabilizzazione, li educa al rispetto ed all&#8217;impegno verso se stessi, gli altri e l&#8217;ambiente.<\/p>\n<p>Il CNGEI realizza, attraverso l&#8217;opera di volontari, un&#8217;azione educativa laica, indipendente da ogni credo religioso e da ideologie politiche, che impegna i giovani al conseguimento ed all&#8217;approfondimento delle scelte personali.<br \/>\nIl CNGEI si caratterizza per le sue scelte associative:<\/p>\n<ul style=\"list-style-type:disc\">\n<li style=\"padding-left:0\"><strong>Laicit\u00e0<\/strong>\u00a0per poter scegliere, per stimolare il cammino personale di crescita di ciascuno, per incentivare il dialogo e l&#8217;interiorizzazione dei valori, per educare alla ricerca spirituale;<\/li>\n<li style=\"padding-top:10px;padding-left:0\"><strong>Coeducazione<\/strong>\u00a0che implica l&#8217;educare insieme ragazze e ragazzi diversi per nazionalit\u00e0, etnia, religione, in un percorso di conoscenza, confronto, arricchimento di s\u00e9;<\/li>\n<li style=\"padding-top:10px;padding-left:0\"><strong>Democrazia associativa<\/strong>\u00a0che favorisce nei giovani la costruzione collettiva dei processi decisionali ed educa all&#8217;utilizzo efficace dei principali strumenti democratici;<\/li>\n<li style=\"padding-top:10px;padding-left:0\"><strong>Scelta adulta<\/strong>\u00a0che considera i soci adulti parte integrante dell&#8217;Associazione di cui essi assicurano, volontariamente, il funzionamento: per ogni ruolo \u00e8 garantita un&#8217;adeguata formazione;<\/li>\n<li style=\"padding-top:10px;padding-left:0\"><strong>Impegno civile<\/strong>, per assumersi responsabilit\u00e0 verso la comunit\u00e0 locale, nazionale e internazionale; ci impegniamo come adulti a operare in azioni di solidariet\u00e0, con impegno volontario, in difesa dei diritti, per la promozione della pace e per la tutela e valorizzazione sostenibile dell&#8217;ambiente e ad educare i giovani a questi valori.<\/li>\n<\/ul>\n","protected":false},"excerpt":{"rendered":"<p>Il\u00a0Corpo Nazionale Giovani Esploratori ed Esploratrici Italiani\u00a0(CNGEI), che conta circa 12.000 soci, \u00e8 un movimento educativo scout che ha come finalit\u00e0 quella di contribuire alla costruzione di un mondo migliore &hellip; <a href=\"https:\/\/bassano.cngei.it\/?page_id=25\" class=\"more-link\">Continua la lettura di <span class=\"screen-reader-text\">Il CNGEI<\/span> <span class=\"meta-nav\">&rarr;<\/span><\/a><\/p>\n","protected":false},"author":1,"featured_media":0,"parent":0,"menu_order":0,"comment_status":"closed","ping_status":"closed","template":"","meta":{"jetpack_post_was_ever_published":false,"footnotes":""},"class_list":["post-25","page","type-page","status-publish","hentry"],"jetpack_shortlink":"https:\/\/wp.me\/P42QK6-p","jetpack_sharing_enabled":true,"_links":{"self":[{"href":"https:\/\/bassano.cngei.it\/index.php?rest_route=\/wp\/v2\/pages\/25","targetHints":{"allow":["GET"]}}],"collection":[{"href":"https:\/\/bassano.cngei.it\/index.php?rest_route=\/wp\/v2\/pages"}],"about":[{"href":"https:\/\/bassano.cngei.it\/index.php?rest_route=\/wp\/v2\/types\/page"}],"author":[{"embeddable":true,"href":"https:\/\/bassano.cngei.it\/index.php?rest_route=\/wp\/v2\/users\/1"}],"replies":[{"embeddable":true,"href":"https:\/\/bassano.cngei.it\/index.php?rest_route=%2Fwp%2Fv2%2Fcomments&post=25"}],"version-history":[{"count":10,"href":"https:\/\/bassano.cngei.it\/index.php?rest_route=\/wp\/v2\/pages\/25\/revisions"}],"predecessor-version":[{"id":111,"href":"https:\/\/bassano.cngei.it\/index.php?rest_route=\/wp\/v2\/pages\/25\/revisions\/111"}],"wp:attachment":[{"href":"https:\/\/bassano.cngei.it\/index.php?rest_route=%2Fwp%2Fv2%2Fmedia&parent=25"}],"curies":[{"name":"wp","href":"https:\/\/api.w.org\/{rel}","templated":true}]}}