{"id":27,"date":"2013-09-22T19:41:28","date_gmt":"2013-09-22T17:41:28","guid":{"rendered":"http:\/\/bassano.cngei.it\/beta\/?page_id=27"},"modified":"2013-12-05T01:15:57","modified_gmt":"2013-12-05T00:15:57","slug":"carta-didentita","status":"publish","type":"page","link":"https:\/\/bassano.cngei.it\/?page_id=27","title":{"rendered":"Carta d&#8217;identit\u00e0"},"content":{"rendered":"<p><img loading=\"lazy\" decoding=\"async\" data-attachment-id=\"96\" data-permalink=\"https:\/\/bassano.cngei.it\/?attachment_id=96\" data-orig-file=\"https:\/\/bassano.cngei.it\/wp-content\/uploads\/2013\/09\/cartaidentita1.jpg\" data-orig-size=\"87,90\" data-comments-opened=\"0\" data-image-meta=\"{&quot;aperture&quot;:&quot;0&quot;,&quot;credit&quot;:&quot;&quot;,&quot;camera&quot;:&quot;&quot;,&quot;caption&quot;:&quot;&quot;,&quot;created_timestamp&quot;:&quot;0&quot;,&quot;copyright&quot;:&quot;&quot;,&quot;focal_length&quot;:&quot;0&quot;,&quot;iso&quot;:&quot;0&quot;,&quot;shutter_speed&quot;:&quot;0&quot;,&quot;title&quot;:&quot;&quot;}\" data-image-title=\"cartaidentita1\" data-image-description=\"\" data-image-caption=\"\" data-medium-file=\"https:\/\/bassano.cngei.it\/wp-content\/uploads\/2013\/09\/cartaidentita1.jpg\" data-large-file=\"https:\/\/bassano.cngei.it\/wp-content\/uploads\/2013\/09\/cartaidentita1.jpg\" class=\"alignleft size-full wp-image-96\" style=\"padding-bottom: 30px;\" alt=\"cartaidentita1\" src=\"http:\/\/bassano.cngei.it\/wp-content\/themes\/bassano\/images\/cartaidentita\/1_laicita.svg\" width=\"87\" height=\"90\" \/><b style=\"text-transform: uppercase;\">Una scelta di fondo: essere laici per poter scegliere<\/b><br \/>\nIl percorso educativo \u00e8 orientato a stimolare il cammino personale di crescita di ciascuno per giungere ad essere protagonisti delle proprie relazioni personali e sociali, e capaci di accogliere le diversit\u00e0 favorendo il superamento degli stereotipi e i luoghi comuni incentivando il dialogo e l&#8217;interiorizzazione dei valori.<\/p>\n<p><img loading=\"lazy\" decoding=\"async\" data-attachment-id=\"97\" data-permalink=\"https:\/\/bassano.cngei.it\/?attachment_id=97\" data-orig-file=\"https:\/\/bassano.cngei.it\/wp-content\/uploads\/2013\/09\/cartaidentita2.jpg\" data-orig-size=\"87,90\" data-comments-opened=\"0\" data-image-meta=\"{&quot;aperture&quot;:&quot;0&quot;,&quot;credit&quot;:&quot;&quot;,&quot;camera&quot;:&quot;&quot;,&quot;caption&quot;:&quot;&quot;,&quot;created_timestamp&quot;:&quot;0&quot;,&quot;copyright&quot;:&quot;&quot;,&quot;focal_length&quot;:&quot;0&quot;,&quot;iso&quot;:&quot;0&quot;,&quot;shutter_speed&quot;:&quot;0&quot;,&quot;title&quot;:&quot;&quot;}\" data-image-title=\"cartaidentita2\" data-image-description=\"\" data-image-caption=\"\" data-medium-file=\"https:\/\/bassano.cngei.it\/wp-content\/uploads\/2013\/09\/cartaidentita2.jpg\" data-large-file=\"https:\/\/bassano.cngei.it\/wp-content\/uploads\/2013\/09\/cartaidentita2.jpg\" class=\"alignleft size-full wp-image-97\" style=\"padding-bottom: 50px;\" alt=\"cartaidentita2\" src=\"http:\/\/bassano.cngei.it\/wp-content\/themes\/bassano\/images\/cartaidentita\/2_diritti.svg\" width=\"87\" height=\"90\" \/><b style=\"text-transform: uppercase;\">Uno sguardo attento ai giovani e ai loro diritti <\/b><br \/>\nNel CNGEI consideriamo i diritti della persona come elemento irrinunciabile nell&#8217;educazione dei giovani. Consideriamo i diritti un insieme di opportunit\u00e0 e garanzie che permettono di esprimere se stessi e di agire attivamente all&#8217;interno di una societ\u00e0 democratica. Nell&#8217;ottica del miglioramento della qualit\u00e0 sociale il CNGEI si pone come soggetto attivo, sensibilizzando i soci giovani e adulti alla difesa dei diritti negati e al superamento di situazioni a rischio.<\/p>\n<p><img loading=\"lazy\" decoding=\"async\" data-attachment-id=\"98\" data-permalink=\"https:\/\/bassano.cngei.it\/?attachment_id=98\" data-orig-file=\"https:\/\/bassano.cngei.it\/wp-content\/uploads\/2013\/09\/cartaidentita3.jpg\" data-orig-size=\"87,90\" data-comments-opened=\"0\" data-image-meta=\"{&quot;aperture&quot;:&quot;0&quot;,&quot;credit&quot;:&quot;&quot;,&quot;camera&quot;:&quot;&quot;,&quot;caption&quot;:&quot;&quot;,&quot;created_timestamp&quot;:&quot;0&quot;,&quot;copyright&quot;:&quot;&quot;,&quot;focal_length&quot;:&quot;0&quot;,&quot;iso&quot;:&quot;0&quot;,&quot;shutter_speed&quot;:&quot;0&quot;,&quot;title&quot;:&quot;&quot;}\" data-image-title=\"cartaidentita3\" data-image-description=\"\" data-image-caption=\"\" data-medium-file=\"https:\/\/bassano.cngei.it\/wp-content\/uploads\/2013\/09\/cartaidentita3.jpg\" data-large-file=\"https:\/\/bassano.cngei.it\/wp-content\/uploads\/2013\/09\/cartaidentita3.jpg\" class=\"alignleft size-full wp-image-98\" style=\"padding-bottom: 70px;\" alt=\"cartaidentita3\" src=\"http:\/\/bassano.cngei.it\/wp-content\/themes\/bassano\/images\/cartaidentita\/3_coeducazione.svg\" width=\"87\" height=\"90\" \/><b style=\"text-transform: uppercase;\">La coeducazione: un&#8217;opportunit\u00e0 di crescita<br \/>\nche valorizza le specificit\u00e0 di ciascuno <\/b><br \/>\n\u00c8 una opportunit\u00e0 per far crescere e vivere assieme ragazze e ragazzi valorizzandone le specifiche attitudini e originalit\u00e0. \u00c8 inoltre un percorso di conoscenza, di confronto, di arricchimento di s\u00e9 grazie al contatto con diverse realt\u00e0 non solo di genere, ma anche di stili di vita, diverse abilit\u00e0, religioni, ecc\u2026 \u00c8 offrire pari opportunit\u00e0 di azione stimolando il contributo di ciascuno nella sua unicit\u00e0 per il perseguimento di obiettivi comuni.<\/p>\n<p><img loading=\"lazy\" decoding=\"async\" data-attachment-id=\"99\" data-permalink=\"https:\/\/bassano.cngei.it\/?attachment_id=99\" data-orig-file=\"https:\/\/bassano.cngei.it\/wp-content\/uploads\/2013\/09\/cartaidentita4.jpg\" data-orig-size=\"87,90\" data-comments-opened=\"0\" data-image-meta=\"{&quot;aperture&quot;:&quot;0&quot;,&quot;credit&quot;:&quot;&quot;,&quot;camera&quot;:&quot;&quot;,&quot;caption&quot;:&quot;&quot;,&quot;created_timestamp&quot;:&quot;0&quot;,&quot;copyright&quot;:&quot;&quot;,&quot;focal_length&quot;:&quot;0&quot;,&quot;iso&quot;:&quot;0&quot;,&quot;shutter_speed&quot;:&quot;0&quot;,&quot;title&quot;:&quot;&quot;}\" data-image-title=\"cartaidentita4\" data-image-description=\"\" data-image-caption=\"\" data-medium-file=\"https:\/\/bassano.cngei.it\/wp-content\/uploads\/2013\/09\/cartaidentita4.jpg\" data-large-file=\"https:\/\/bassano.cngei.it\/wp-content\/uploads\/2013\/09\/cartaidentita4.jpg\" class=\"alignleft size-full wp-image-99\" style=\"padding-bottom: 50px;\" alt=\"cartaidentita4\" src=\"http:\/\/bassano.cngei.it\/wp-content\/themes\/bassano\/images\/cartaidentita\/4_ambiente.svg\" width=\"87\" height=\"90\" \/><b style=\"text-transform: uppercase;\">Vivere l&#8217;ambiente in modo equilibrato e sostenibile<\/b><br \/>\nIl CNGEI offre occasioni continue di vita all&#8217;aria aperta in ogni stagione che favoriscono occasioni reali di conoscenza degli ambienti naturali.<br \/>\nPropone esperienze diversificate in cui i giovani entrano in contatto dinamico con tutte le complesse componenti dell&#8217;ambiente, stimolando la riflessione personale a livello cognitivo, emotivo e spirituale, e l&#8217;impegno attivo per la sua tutela e valorizzazione sostenibile.<\/p>\n<p><img loading=\"lazy\" decoding=\"async\" data-attachment-id=\"100\" data-permalink=\"https:\/\/bassano.cngei.it\/?attachment_id=100\" data-orig-file=\"https:\/\/bassano.cngei.it\/wp-content\/uploads\/2013\/09\/cartaidentita5.jpg\" data-orig-size=\"87,90\" data-comments-opened=\"0\" data-image-meta=\"{&quot;aperture&quot;:&quot;0&quot;,&quot;credit&quot;:&quot;&quot;,&quot;camera&quot;:&quot;&quot;,&quot;caption&quot;:&quot;&quot;,&quot;created_timestamp&quot;:&quot;0&quot;,&quot;copyright&quot;:&quot;&quot;,&quot;focal_length&quot;:&quot;0&quot;,&quot;iso&quot;:&quot;0&quot;,&quot;shutter_speed&quot;:&quot;0&quot;,&quot;title&quot;:&quot;&quot;}\" data-image-title=\"cartaidentita5\" data-image-description=\"\" data-image-caption=\"\" data-medium-file=\"https:\/\/bassano.cngei.it\/wp-content\/uploads\/2013\/09\/cartaidentita5.jpg\" data-large-file=\"https:\/\/bassano.cngei.it\/wp-content\/uploads\/2013\/09\/cartaidentita5.jpg\" class=\"alignleft size-full wp-image-100\" style=\"padding-bottom: 45px;\" alt=\"cartaidentita5\" src=\"http:\/\/bassano.cngei.it\/wp-content\/themes\/bassano\/images\/cartaidentita\/5_solidarieta.svg\" width=\"87\" height=\"90\" \/><b style=\"text-transform: uppercase;\">Essere solidali per favorire relazioni paritetiche e sviluppare reciprocit\u00e0<\/b><br \/>\nNel CNGEI offriamo un percorso educativo per i giovani che sono stimolati alla comprensione dei bisogni e delle necessit\u00e0 altrui, attraverso esperienze concrete di intervento volte a migliorare la realt\u00e0 sociale che ci circonda anche se non ci coinvolge direttamente, e stimoliamo la capacit\u00e0 di programmare interventi solidali, tenendo conto degli aspetti relazionali e organizzativi.<\/p>\n<p><img loading=\"lazy\" decoding=\"async\" data-attachment-id=\"101\" data-permalink=\"https:\/\/bassano.cngei.it\/?attachment_id=101\" data-orig-file=\"https:\/\/bassano.cngei.it\/wp-content\/uploads\/2013\/09\/cartaidentita6.jpg\" data-orig-size=\"87,90\" data-comments-opened=\"0\" data-image-meta=\"{&quot;aperture&quot;:&quot;0&quot;,&quot;credit&quot;:&quot;&quot;,&quot;camera&quot;:&quot;&quot;,&quot;caption&quot;:&quot;&quot;,&quot;created_timestamp&quot;:&quot;0&quot;,&quot;copyright&quot;:&quot;&quot;,&quot;focal_length&quot;:&quot;0&quot;,&quot;iso&quot;:&quot;0&quot;,&quot;shutter_speed&quot;:&quot;0&quot;,&quot;title&quot;:&quot;&quot;}\" data-image-title=\"cartaidentita6\" data-image-description=\"\" data-image-caption=\"\" data-medium-file=\"https:\/\/bassano.cngei.it\/wp-content\/uploads\/2013\/09\/cartaidentita6.jpg\" data-large-file=\"https:\/\/bassano.cngei.it\/wp-content\/uploads\/2013\/09\/cartaidentita6.jpg\" class=\"alignleft size-full wp-image-101\" style=\"padding-bottom: 140px;\" alt=\"cartaidentita6\" src=\"http:\/\/bassano.cngei.it\/wp-content\/themes\/bassano\/images\/cartaidentita\/6_democrazia.svg\" width=\"87\" height=\"90\" \/><b style=\"text-transform: uppercase;\">Un&#8217;associazione che educa alla democrazia<\/b><br \/>\nIl CNGEI prepara i giovani all&#8217;esercizio della democrazia tramite l&#8217;educazione al confronto, all&#8217;ascolto alla partecipazione attiva e responsabile; incoraggia inoltre ogni singolo individuo a partecipare in maniera attiva e responsabile anche nei propri contesti di vita quotidiana.<br \/>\nFavorisce nei giovani la costruzione collettiva dei processi decisionali ed educa all&#8217;utilizzo efficace dei principali strumenti democratici.<br \/>\nNel CNGEI diamo a tutti i maggiorenni la possibilit\u00e0 di poter partecipare attivamente alle decisioni che riguardano \u201cla comunit\u00e0\u201d e alla costruzione delle regole attraverso momenti di partecipazione diretta o attraverso l&#8217;azione di propri rappresentanti.<\/p>\n<p><img loading=\"lazy\" decoding=\"async\" data-attachment-id=\"102\" data-permalink=\"https:\/\/bassano.cngei.it\/?attachment_id=102\" data-orig-file=\"https:\/\/bassano.cngei.it\/wp-content\/uploads\/2013\/09\/cartaidentita7.jpg\" data-orig-size=\"87,90\" data-comments-opened=\"0\" data-image-meta=\"{&quot;aperture&quot;:&quot;0&quot;,&quot;credit&quot;:&quot;&quot;,&quot;camera&quot;:&quot;&quot;,&quot;caption&quot;:&quot;&quot;,&quot;created_timestamp&quot;:&quot;0&quot;,&quot;copyright&quot;:&quot;&quot;,&quot;focal_length&quot;:&quot;0&quot;,&quot;iso&quot;:&quot;0&quot;,&quot;shutter_speed&quot;:&quot;0&quot;,&quot;title&quot;:&quot;&quot;}\" data-image-title=\"cartaidentita7\" data-image-description=\"\" data-image-caption=\"\" data-medium-file=\"https:\/\/bassano.cngei.it\/wp-content\/uploads\/2013\/09\/cartaidentita7.jpg\" data-large-file=\"https:\/\/bassano.cngei.it\/wp-content\/uploads\/2013\/09\/cartaidentita7.jpg\" class=\"alignleft size-full wp-image-102\" style=\"padding-bottom: 100px;\" alt=\"cartaidentita7\" src=\"http:\/\/bassano.cngei.it\/wp-content\/themes\/bassano\/images\/cartaidentita\/7_partneship.svg\" width=\"87\" height=\"90\" \/><b style=\"text-transform: uppercase;\">Un impegno prioritario: favorire progetti etici<br \/>\nche promuovano partnership e mobilit\u00e0 internazionale<\/b><br \/>\nIl CNGEI promuove lo scambio e la partnership a livello nazionale e internazionale con aderenti al Movimento ed altre realt\u00e0 per favorire una conoscenza di diverse culture, stili e contesti di vita e abitudini, che permettano l&#8217;ampliamento degli orizzonti del nostro agire sociale; propone attivit\u00e0 differenziate dirette al supporto di realt\u00e0 in situazione di conflitto e attiva percorsi di verifica e interiorizzazione di valori profondi coerenti con la pace, esaltando la figura del singolo come esempio e risolutore di conflitti interpersonali.<\/p>\n<p><img loading=\"lazy\" decoding=\"async\" data-attachment-id=\"103\" data-permalink=\"https:\/\/bassano.cngei.it\/?attachment_id=103\" data-orig-file=\"https:\/\/bassano.cngei.it\/wp-content\/uploads\/2013\/09\/cartaidentita8.jpg\" data-orig-size=\"87,90\" data-comments-opened=\"0\" data-image-meta=\"{&quot;aperture&quot;:&quot;0&quot;,&quot;credit&quot;:&quot;&quot;,&quot;camera&quot;:&quot;&quot;,&quot;caption&quot;:&quot;&quot;,&quot;created_timestamp&quot;:&quot;0&quot;,&quot;copyright&quot;:&quot;&quot;,&quot;focal_length&quot;:&quot;0&quot;,&quot;iso&quot;:&quot;0&quot;,&quot;shutter_speed&quot;:&quot;0&quot;,&quot;title&quot;:&quot;&quot;}\" data-image-title=\"cartaidentita8\" data-image-description=\"\" data-image-caption=\"\" data-medium-file=\"https:\/\/bassano.cngei.it\/wp-content\/uploads\/2013\/09\/cartaidentita8.jpg\" data-large-file=\"https:\/\/bassano.cngei.it\/wp-content\/uploads\/2013\/09\/cartaidentita8.jpg\" class=\"alignleft size-full wp-image-103\" style=\"padding-bottom: 40px;\" alt=\"cartaidentita8\" src=\"http:\/\/bassano.cngei.it\/wp-content\/themes\/bassano\/images\/cartaidentita\/8_adulti.svg\" width=\"87\" height=\"90\" \/><b style=\"text-transform: uppercase;\">Adulti come esempio di cittadini responsabili<\/b><br \/>\nGli adulti nel CNGEI scelgono di prestare volontariamente la loro opera a favore dell&#8217;educazione dei giovani. L&#8217;adulto scout \u00e8 colui che sceglie consapevolmente di impegnarsi nella associazione mettendo a disposizione del progetto educativo le proprie competenze, sensibilit\u00e0 e specificit\u00e0. Il CNGEI garantisce a tutti gli adulti una formazione adeguata per ogni ruolo.<\/p>\n<p><img loading=\"lazy\" decoding=\"async\" data-attachment-id=\"104\" data-permalink=\"https:\/\/bassano.cngei.it\/?attachment_id=104\" data-orig-file=\"https:\/\/bassano.cngei.it\/wp-content\/uploads\/2013\/09\/cartaidentita9.jpg\" data-orig-size=\"87,90\" data-comments-opened=\"0\" data-image-meta=\"{&quot;aperture&quot;:&quot;0&quot;,&quot;credit&quot;:&quot;&quot;,&quot;camera&quot;:&quot;&quot;,&quot;caption&quot;:&quot;&quot;,&quot;created_timestamp&quot;:&quot;0&quot;,&quot;copyright&quot;:&quot;&quot;,&quot;focal_length&quot;:&quot;0&quot;,&quot;iso&quot;:&quot;0&quot;,&quot;shutter_speed&quot;:&quot;0&quot;,&quot;title&quot;:&quot;&quot;}\" data-image-title=\"cartaidentita9\" data-image-description=\"\" data-image-caption=\"\" data-medium-file=\"https:\/\/bassano.cngei.it\/wp-content\/uploads\/2013\/09\/cartaidentita9.jpg\" data-large-file=\"https:\/\/bassano.cngei.it\/wp-content\/uploads\/2013\/09\/cartaidentita9.jpg\" class=\"alignleft size-full wp-image-104\" style=\"padding-bottom: 20px;\" alt=\"cartaidentita9\" src=\"http:\/\/bassano.cngei.it\/wp-content\/themes\/bassano\/images\/cartaidentita\/9_volontariato.svg\" width=\"87\" height=\"90\" \/><b style=\"text-transform: uppercase;\">Il volontariato alla ricerca del benessere sociale.<\/b><br \/>\nNelle azioni quali volontari all&#8217;esterno del CNGEI, ricerchiamo costantemente partnership e collaborazione con Enti e associazioni che perseguono le nostre stesse finalit\u00e0 per la ricerca comune di un maggiore \u201cbenessere\u201d sociale.<\/p>\n","protected":false},"excerpt":{"rendered":"<p>Una scelta di fondo: essere laici per poter scegliere Il percorso educativo \u00e8 orientato a stimolare il cammino personale di crescita di ciascuno per giungere ad essere protagonisti delle proprie &hellip; <a href=\"https:\/\/bassano.cngei.it\/?page_id=27\" class=\"more-link\">Continua la lettura di <span class=\"screen-reader-text\">Carta d&#8217;identit\u00e0<\/span> <span class=\"meta-nav\">&rarr;<\/span><\/a><\/p>\n","protected":false},"author":1,"featured_media":0,"parent":0,"menu_order":0,"comment_status":"closed","ping_status":"closed","template":"","meta":{"jetpack_post_was_ever_published":false,"footnotes":""},"class_list":["post-27","page","type-page","status-publish","hentry"],"jetpack_shortlink":"https:\/\/wp.me\/P42QK6-r","jetpack_sharing_enabled":true,"_links":{"self":[{"href":"https:\/\/bassano.cngei.it\/index.php?rest_route=\/wp\/v2\/pages\/27","targetHints":{"allow":["GET"]}}],"collection":[{"href":"https:\/\/bassano.cngei.it\/index.php?rest_route=\/wp\/v2\/pages"}],"about":[{"href":"https:\/\/bassano.cngei.it\/index.php?rest_route=\/wp\/v2\/types\/page"}],"author":[{"embeddable":true,"href":"https:\/\/bassano.cngei.it\/index.php?rest_route=\/wp\/v2\/users\/1"}],"replies":[{"embeddable":true,"href":"https:\/\/bassano.cngei.it\/index.php?rest_route=%2Fwp%2Fv2%2Fcomments&post=27"}],"version-history":[{"count":24,"href":"https:\/\/bassano.cngei.it\/index.php?rest_route=\/wp\/v2\/pages\/27\/revisions"}],"predecessor-version":[{"id":374,"href":"https:\/\/bassano.cngei.it\/index.php?rest_route=\/wp\/v2\/pages\/27\/revisions\/374"}],"wp:attachment":[{"href":"https:\/\/bassano.cngei.it\/index.php?rest_route=%2Fwp%2Fv2%2Fmedia&parent=27"}],"curies":[{"name":"wp","href":"https:\/\/api.w.org\/{rel}","templated":true}]}}