{"id":29,"date":"2013-09-22T19:41:36","date_gmt":"2013-09-22T17:41:36","guid":{"rendered":"http:\/\/bassano.cngei.it\/beta\/?page_id=29"},"modified":"2013-11-12T21:41:23","modified_gmt":"2013-11-12T20:41:23","slug":"metodo-scout","status":"publish","type":"page","link":"https:\/\/bassano.cngei.it\/?page_id=29","title":{"rendered":"Metodo Scout"},"content":{"rendered":"<p>Il <strong>metodo educativo scout<\/strong> permette di offrire strumenti pedagogici che sono stati sperimentati in tutto il mondo. Tali strumenti si sono dimostrati efficaci per la trasmissione di valori e per la formazione di futuri cittadini responsabili che sanno effettuare delle scelte e che sono in grado di condurre la propria vita secondo <strong>principi di rispetto reciproco<\/strong>, <strong>fratellanza<\/strong> e <strong>impegno personale<\/strong>.<br \/>\nIl metodo scout \u00e8 un sistema di autoeducazione progressiva e si sviluppa attraverso tre concetti fondamentali:<\/p>\n<p><b>Legge e Promessa <\/b>sono gli strumenti di base per la formulazione dei principi dello scautismo ed hanno un forte valore educativo. Il\/La giovane si impegna personalmente di fronte agli altri a rispettare, al meglio delle proprie capacit\u00e0, un ben definito codice di comportamento.<\/p>\n<p><b>Imparare facendo <\/b>\u00e8 il concetto di educazione attiva (<em>learning by doing<\/em>). Nello scautismo ogni ragazzo\/a apprende attraverso un coinvolgimento diretto che comprende osservazione, creativit\u00e0, sperimentazione e attivit\u00e0 personale.<\/p>\n<p><b>Appartenenza a piccoli gruppi<\/b>: il piccolo gruppo \u00e8 l\u2019ambiente ideale per l\u2019integrazione del\/della giovane nella vita sociale. In esso si pu\u00f2 facilmente ottenere la conoscenza degli altri e la considerazione reciproca. Il piccolo gruppo permette a ognuno di comunicare, di conquistare uno spazio personale di espressione e fornisce la possibilit\u00e0 di esercitare una partecipazione diretta alla vita comunitaria.<\/p>\n<p>Questi aspetti agevolano lo sviluppo del carattere, rendendo i\/le giovani capaci di acquisire progressivamente delle responsabilit\u00e0; li educa alla indipendenza, alla lealt\u00e0, alla capacit\u00e0 di cooperare e di guidare. In questo processo l\u2019adulto ha solo una funzione di guida: infatti, rispettando la personalit\u00e0 di ognuno aiuta a scoprire le proprie possibilit\u00e0 ed ad assumersi responsabilit\u00e0.<\/p>\n<p>I tre concetti di base del metodo scout sono realizzati concretamente attraverso\u00a0<strong>Programmi Progressivi e Stimolanti<\/strong>.<\/p>\n<ul style=\"list-style-type: disc;\">\n<li><b>Programmi:<\/b> le attivit\u00e0 proposte nell&#8217;ambito dello scautismo non sono fini a se stesse, ma sono inserite in un quadro programmatico basato su specifici obiettivi educativi.<\/li>\n<li style=\"padding-top: 10px;\"><b>Progressivi:<\/b> il programma \u00e8 ideato in modo da soddisfare le necessit\u00e0 di ognuno, stimolando un graduale ed armonioso sviluppo alla crescita individuale. Ogni ragazzo\/a \u00e8 protagonista della propria crescita e si pone degli obiettivi per migliorare e seguire le proprie tappe personali.<\/li>\n<li style=\"padding-top: 10px;\"><b>Stimolanti: <\/b>per poter coinvolgere il\/la giovane, il programma propone attivit\u00e0 varie, coinvolgenti, basate sugli interessi dei ragazzi stessi, offrendo anche emozioni ed avventura.<\/li>\n<\/ul>\n<p>Gli scenari ideali per l\u2019attivit\u00e0 scout sono la <b>natura<\/b> e <b>la vita all\u2019aria aperta<\/b>, perch\u00e9 offrono contemporaneamente possibilit\u00e0 per attivare lo sviluppo fisico, lo sviluppo intellettuale, lo sviluppo sociale e quello spirituale. La vita a contatto con la natura favorisce una sensibilit\u00e0 ambientale indispensabile per un futuro cittadino che dovr\u00e0 affrontare la realt\u00e0 in modo sostenibile.<\/p>\n<p>Il fine dello scautismo \u00e8 quello di favorire la formazione del carattere dei giovani, rendendoli capaci di acquisire progressivamente responsabilit\u00e0, indipendenza, lealt\u00e0, capacit\u00e0 di cooperare, e di imparare ad essere protagonisti delle proprie scelte.<\/p>\n","protected":false},"excerpt":{"rendered":"<p>Il metodo educativo scout permette di offrire strumenti pedagogici che sono stati sperimentati in tutto il mondo. Tali strumenti si sono dimostrati efficaci per la trasmissione di valori e per &hellip; <a href=\"https:\/\/bassano.cngei.it\/?page_id=29\" class=\"more-link\">Continua la lettura di <span class=\"screen-reader-text\">Metodo Scout<\/span> <span class=\"meta-nav\">&rarr;<\/span><\/a><\/p>\n","protected":false},"author":1,"featured_media":0,"parent":0,"menu_order":0,"comment_status":"closed","ping_status":"closed","template":"","meta":{"jetpack_post_was_ever_published":false,"footnotes":""},"class_list":["post-29","page","type-page","status-publish","hentry"],"jetpack_shortlink":"https:\/\/wp.me\/P42QK6-t","jetpack_sharing_enabled":true,"_links":{"self":[{"href":"https:\/\/bassano.cngei.it\/index.php?rest_route=\/wp\/v2\/pages\/29","targetHints":{"allow":["GET"]}}],"collection":[{"href":"https:\/\/bassano.cngei.it\/index.php?rest_route=\/wp\/v2\/pages"}],"about":[{"href":"https:\/\/bassano.cngei.it\/index.php?rest_route=\/wp\/v2\/types\/page"}],"author":[{"embeddable":true,"href":"https:\/\/bassano.cngei.it\/index.php?rest_route=\/wp\/v2\/users\/1"}],"replies":[{"embeddable":true,"href":"https:\/\/bassano.cngei.it\/index.php?rest_route=%2Fwp%2Fv2%2Fcomments&post=29"}],"version-history":[{"count":9,"href":"https:\/\/bassano.cngei.it\/index.php?rest_route=\/wp\/v2\/pages\/29\/revisions"}],"predecessor-version":[{"id":278,"href":"https:\/\/bassano.cngei.it\/index.php?rest_route=\/wp\/v2\/pages\/29\/revisions\/278"}],"wp:attachment":[{"href":"https:\/\/bassano.cngei.it\/index.php?rest_route=%2Fwp%2Fv2%2Fmedia&parent=29"}],"curies":[{"name":"wp","href":"https:\/\/api.w.org\/{rel}","templated":true}]}}