{"id":34,"date":"2013-09-22T19:52:43","date_gmt":"2013-09-22T17:52:43","guid":{"rendered":"http:\/\/bassano.cngei.it\/beta\/?page_id=34"},"modified":"2013-12-06T00:37:35","modified_gmt":"2013-12-05T23:37:35","slug":"storia","status":"publish","type":"page","link":"https:\/\/bassano.cngei.it\/?page_id=34","title":{"rendered":"Storia"},"content":{"rendered":"<p>Il CNGEI nasce a Bassano del Grappa nel <strong>1994<\/strong> ad opera di un gruppo di ex iscritti AGESCI che intendeva proporre nel territorio una forma di scautismo laico, con percorsi educativi alternativi alla proposta AGESCI, gi\u00e0 attiva a Bassano con 5 gruppi. Il 15 gennaio <strong>1995<\/strong>, con 18 lupetti iscritti, inizia l&#8217;attivit\u00e0 il <strong>Branco ARCOBALENO<\/strong> (8-12 anni).<\/p>\n<p><img loading=\"lazy\" decoding=\"async\" data-attachment-id=\"142\" data-permalink=\"https:\/\/bassano.cngei.it\/?attachment_id=142\" data-orig-file=\"https:\/\/bassano.cngei.it\/wp-content\/uploads\/2013\/09\/storia1.jpg\" data-orig-size=\"824,453\" data-comments-opened=\"0\" data-image-meta=\"{&quot;aperture&quot;:&quot;0&quot;,&quot;credit&quot;:&quot;&quot;,&quot;camera&quot;:&quot;HP pst_p02b&quot;,&quot;caption&quot;:&quot;&quot;,&quot;created_timestamp&quot;:&quot;1380144166&quot;,&quot;copyright&quot;:&quot;&quot;,&quot;focal_length&quot;:&quot;0&quot;,&quot;iso&quot;:&quot;0&quot;,&quot;shutter_speed&quot;:&quot;0&quot;,&quot;title&quot;:&quot;&quot;}\" data-image-title=\"storia\" data-image-description=\"\" data-image-caption=\"\" data-medium-file=\"https:\/\/bassano.cngei.it\/wp-content\/uploads\/2013\/09\/storia1-300x164.jpg\" data-large-file=\"https:\/\/bassano.cngei.it\/wp-content\/uploads\/2013\/09\/storia1.jpg\" class=\"aligncenter size-full wp-image-142\" alt=\"storia\" src=\"http:\/\/bassano.cngei.it\/wp-content\/uploads\/2013\/09\/storia1.jpg\" width=\"824\" height=\"453\" srcset=\"https:\/\/bassano.cngei.it\/wp-content\/uploads\/2013\/09\/storia1.jpg 824w, https:\/\/bassano.cngei.it\/wp-content\/uploads\/2013\/09\/storia1-300x164.jpg 300w\" sizes=\"auto, (max-width: 824px) 100vw, 824px\" \/><\/p>\n<p>Con la collaborazione dell\u2019allora Istituto primario Don Cremona, che ci ha messo a disposizione i locali dove iniziare le nostre attivit\u00e0, ha avuto inizio il primo anno di sperimentazione che ha portato in seguito alla nascita della <strong>Compagnia LABRADOR<\/strong> (16-19 anni), e poi del <strong>Reparto\u00a0ANTARES<\/strong> (12-16 anni). L\u2019attuale <strong>Compagnia AVALON<\/strong> si \u00e8 formata pi\u00f9 tardi.<\/p>\n<p>Nel <strong>1999<\/strong>, ci vengono concessi dal Comune di Bassano del Grappa dei locali presso la Scuola Media Bellavitis, locali che sono tuttora sede per le unit\u00e0 del Reparto, della Compagnia e del gruppo degli adulti.<\/p>\n<p>Nel <strong>2003<\/strong> il nostro gruppo, fino ad allora collegato alla Sezione di Vicenza, viene riconosciuto a sua volta come Sezione di Bassano del Grappa, federata al <a href=\"http:\/\/www.cngei.it\/\" target=\"_blank\"><strong>CNGEI<\/strong><\/a> che ha sede a Roma. Come facente parte della <a href=\"http:\/\/www.scouteguide.it\/\" target=\"_blank\"><strong>FIS<\/strong><\/a>\u00a0(la Federazione Italia dello Scautismo), viene anche riconosciuta da <a href=\"http:\/\/www.scout.org\/\" target=\"_blank\"><strong>WOSM<\/strong><\/a> (World Organization of The Scout Movement) e da <a href=\"http:\/\/www.wagggs.org\/en\/home\" target=\"_blank\"><strong>WAGGGS<\/strong><\/a> (World Association of Girl Guides and Girls Scout), ovvero le due associazioni internazionali che promuovono la diffusione dello scautismo su scala mondiale, anche attraverso progetti di sviluppo e cooperazione.<\/p>\n<p>\u00c8 iniziato a questo punto un nuovo cammino d\u2019identit\u00e0 associativa pi\u00f9 vicino al territorio, con la possibilit\u00e0 di crescere in autonomia, sia a livello qualitativo che in termini di numeri di iscritti.<\/p>\n<p><img loading=\"lazy\" decoding=\"async\" data-attachment-id=\"172\" data-permalink=\"https:\/\/bassano.cngei.it\/?attachment_id=172\" data-orig-file=\"https:\/\/bassano.cngei.it\/wp-content\/uploads\/2013\/09\/storia2.jpg\" data-orig-size=\"824,453\" data-comments-opened=\"0\" data-image-meta=\"{&quot;aperture&quot;:&quot;0&quot;,&quot;credit&quot;:&quot;&quot;,&quot;camera&quot;:&quot;HP pst_p02b&quot;,&quot;caption&quot;:&quot;&quot;,&quot;created_timestamp&quot;:&quot;1380144166&quot;,&quot;copyright&quot;:&quot;&quot;,&quot;focal_length&quot;:&quot;0&quot;,&quot;iso&quot;:&quot;0&quot;,&quot;shutter_speed&quot;:&quot;0&quot;,&quot;title&quot;:&quot;&quot;}\" data-image-title=\"storia2\" data-image-description=\"\" data-image-caption=\"\" data-medium-file=\"https:\/\/bassano.cngei.it\/wp-content\/uploads\/2013\/09\/storia2-300x164.jpg\" data-large-file=\"https:\/\/bassano.cngei.it\/wp-content\/uploads\/2013\/09\/storia2.jpg\" class=\"aligncenter size-full wp-image-172\" alt=\"storia2\" src=\"http:\/\/bassano.cngei.it\/wp-content\/uploads\/2013\/09\/storia2.jpg\" width=\"824\" height=\"453\" srcset=\"https:\/\/bassano.cngei.it\/wp-content\/uploads\/2013\/09\/storia2.jpg 824w, https:\/\/bassano.cngei.it\/wp-content\/uploads\/2013\/09\/storia2-300x164.jpg 300w\" sizes=\"auto, (max-width: 824px) 100vw, 824px\" \/><\/p>\n<p>Attualmente la Sezione conta pi\u00f9 di cento iscritti tra soci giovani ed adulti , con un trend di crescita tale da portare, ad ottobre <strong>2012<\/strong>, all\u2019apertura di un secondo Branco a Marchesane, denominato <strong>Branco TRACCE NELLA GIUNGLA<\/strong>.<\/p>\n","protected":false},"excerpt":{"rendered":"<p>Il CNGEI nasce a Bassano del Grappa nel 1994 ad opera di un gruppo di ex iscritti AGESCI che intendeva proporre nel territorio una forma di scautismo laico, con percorsi &hellip; <a href=\"https:\/\/bassano.cngei.it\/?page_id=34\" class=\"more-link\">Continua la lettura di <span class=\"screen-reader-text\">Storia<\/span> <span class=\"meta-nav\">&rarr;<\/span><\/a><\/p>\n","protected":false},"author":1,"featured_media":0,"parent":6,"menu_order":0,"comment_status":"closed","ping_status":"closed","template":"","meta":{"jetpack_post_was_ever_published":false,"footnotes":""},"class_list":["post-34","page","type-page","status-publish","hentry"],"jetpack_shortlink":"https:\/\/wp.me\/P42QK6-y","jetpack_sharing_enabled":true,"_links":{"self":[{"href":"https:\/\/bassano.cngei.it\/index.php?rest_route=\/wp\/v2\/pages\/34","targetHints":{"allow":["GET"]}}],"collection":[{"href":"https:\/\/bassano.cngei.it\/index.php?rest_route=\/wp\/v2\/pages"}],"about":[{"href":"https:\/\/bassano.cngei.it\/index.php?rest_route=\/wp\/v2\/types\/page"}],"author":[{"embeddable":true,"href":"https:\/\/bassano.cngei.it\/index.php?rest_route=\/wp\/v2\/users\/1"}],"replies":[{"embeddable":true,"href":"https:\/\/bassano.cngei.it\/index.php?rest_route=%2Fwp%2Fv2%2Fcomments&post=34"}],"version-history":[{"count":14,"href":"https:\/\/bassano.cngei.it\/index.php?rest_route=\/wp\/v2\/pages\/34\/revisions"}],"predecessor-version":[{"id":400,"href":"https:\/\/bassano.cngei.it\/index.php?rest_route=\/wp\/v2\/pages\/34\/revisions\/400"}],"up":[{"embeddable":true,"href":"https:\/\/bassano.cngei.it\/index.php?rest_route=\/wp\/v2\/pages\/6"}],"wp:attachment":[{"href":"https:\/\/bassano.cngei.it\/index.php?rest_route=%2Fwp%2Fv2%2Fmedia&parent=34"}],"curies":[{"name":"wp","href":"https:\/\/api.w.org\/{rel}","templated":true}]}}